{"id":514,"date":"2026-02-16T11:27:49","date_gmt":"2026-02-16T10:27:49","guid":{"rendered":"https:\/\/www.mspduboulonnais.fr\/?page_id=514"},"modified":"2026-02-16T11:27:49","modified_gmt":"2026-02-16T10:27:49","slug":"orthophoniste","status":"publish","type":"page","link":"https:\/\/www.mspduboulonnais.fr\/index.php\/orthophoniste\/","title":{"rendered":"Orthophoniste"},"content":{"rendered":"\n<h1 class=\"wp-block-heading\">Magali Salagnac &#8211; Orthophoniste<\/h1>\n\n\n\n<div class=\"wp-block-columns is-layout-flex wp-container-core-columns-is-layout-9d6595d7 wp-block-columns-is-layout-flex\">\n<div class=\"wp-block-column is-layout-flow wp-block-column-is-layout-flow\" style=\"flex-basis:33.33%\">\n<figure class=\"wp-block-image size-full is-resized has-custom-border\"><img loading=\"lazy\" decoding=\"async\" width=\"364\" height=\"522\" src=\"http:\/\/www.mspduboulonnais.fr\/wp-content\/uploads\/2026\/02\/IMG-20251225-WA0021-e1771231952238.jpg\" alt=\"\" class=\"wp-image-515\" style=\"border-width:2px;border-radius:25px;aspect-ratio:0.6999962964704419;width:255px;height:auto\" srcset=\"https:\/\/www.mspduboulonnais.fr\/wp-content\/uploads\/2026\/02\/IMG-20251225-WA0021-e1771231952238.jpg 364w, https:\/\/www.mspduboulonnais.fr\/wp-content\/uploads\/2026\/02\/IMG-20251225-WA0021-e1771231952238-209x300.jpg 209w\" sizes=\"auto, (max-width: 364px) 100vw, 364px\" \/><\/figure>\n<\/div>\n\n\n\n<div class=\"wp-block-column is-layout-flow wp-block-column-is-layout-flow\" style=\"flex-basis:66.66%\">\n<blockquote class=\"wp-block-quote is-layout-flow wp-block-quote-is-layout-flow\">\n<p>\u00ab Je vous accompagne, quelque soit votre \u00e2ge, dans la prise en charge des troubles du langage oral et \u00e9crit et de la communication (troubles \u00ab\u00a0dys\u00a0\u00bb, TSA, TDAH, maladies neurod\u00e9g\u00e9n\u00e9ratives, AVC, troubles de l&rsquo;oralit\u00e9, etc.) dans une approche individualis\u00e9e.\u00bb<\/p>\n<\/blockquote>\n<\/div>\n<\/div>\n\n\n\n<p>Pour prendre Rendez vous : <a href=\"tel:06 24 72 58 58\">06-37-32-48-75<\/a><\/p>\n\n\n\n<h2 class=\"wp-block-heading\">Horaires<\/h2>\n\n\n\n<p>Mars 2026 : les vendredis<\/p>\n\n\n\n<p>Septembre 2026 : les mardis et vendredis <\/p>\n\n\n\n<p><\/p>\n","protected":false},"excerpt":{"rendered":"<p>Magali Salagnac &#8211; Orthophoniste \u00ab Je vous accompagne, quelque soit votre \u00e2ge, dans la prise en charge des troubles du langage oral et \u00e9crit et de la communication (troubles \u00ab\u00a0dys\u00a0\u00bb, TSA, TDAH, maladies neurod\u00e9g\u00e9n\u00e9ratives, AVC, troubles de l&rsquo;oralit\u00e9, etc.) dans une approche individualis\u00e9e.\u00bb Pour prendre Rendez vous : 06-37-32-48-75 Horaires Mars 2026 : les vendredis&#8230;<\/p>\n","protected":false},"author":1,"featured_media":0,"parent":0,"menu_order":0,"comment_status":"closed","ping_status":"closed","template":"","meta":{"_coblocks_attr":"","_coblocks_dimensions":"","_coblocks_responsive_height":"","_coblocks_accordion_ie_support":"","_kad_post_transparent":"","_kad_post_title":"","_kad_post_layout":"","_kad_post_sidebar_id":"","_kad_post_content_style":"","_kad_post_vertical_padding":"","_kad_post_feature":"","_kad_post_feature_position":"","_kad_post_header":false,"_kad_post_footer":false,"footnotes":""},"class_list":["post-514","page","type-page","status-publish","hentry"],"_links":{"self":[{"href":"https:\/\/www.mspduboulonnais.fr\/index.php\/wp-json\/wp\/v2\/pages\/514","targetHints":{"allow":["GET"]}}],"collection":[{"href":"https:\/\/www.mspduboulonnais.fr\/index.php\/wp-json\/wp\/v2\/pages"}],"about":[{"href":"https:\/\/www.mspduboulonnais.fr\/index.php\/wp-json\/wp\/v2\/types\/page"}],"author":[{"embeddable":true,"href":"https:\/\/www.mspduboulonnais.fr\/index.php\/wp-json\/wp\/v2\/users\/1"}],"replies":[{"embeddable":true,"href":"https:\/\/www.mspduboulonnais.fr\/index.php\/wp-json\/wp\/v2\/comments?post=514"}],"version-history":[{"count":2,"href":"https:\/\/www.mspduboulonnais.fr\/index.php\/wp-json\/wp\/v2\/pages\/514\/revisions"}],"predecessor-version":[{"id":517,"href":"https:\/\/www.mspduboulonnais.fr\/index.php\/wp-json\/wp\/v2\/pages\/514\/revisions\/517"}],"wp:attachment":[{"href":"https:\/\/www.mspduboulonnais.fr\/index.php\/wp-json\/wp\/v2\/media?parent=514"}],"curies":[{"name":"wp","href":"https:\/\/api.w.org\/{rel}","templated":true}]}}