{"id":523,"date":"2026-02-16T11:47:19","date_gmt":"2026-02-16T10:47:19","guid":{"rendered":"https:\/\/www.mspduboulonnais.fr\/?page_id=523"},"modified":"2026-02-26T13:53:05","modified_gmt":"2026-02-26T12:53:05","slug":"art-therapeute","status":"publish","type":"page","link":"https:\/\/www.mspduboulonnais.fr\/index.php\/art-therapeute\/","title":{"rendered":"Art-Th\u00e9rapeute"},"content":{"rendered":"\n<h1 class=\"wp-block-heading\">Jocelyne Sarram\u00e9a -Art-th\u00e9rapeute<\/h1>\n\n\n\n<div class=\"wp-block-columns is-layout-flex wp-container-core-columns-is-layout-9d6595d7 wp-block-columns-is-layout-flex\">\n<div class=\"wp-block-column is-layout-flow wp-block-column-is-layout-flow\" style=\"flex-basis:33.33%\">\n<figure class=\"wp-block-image size-full has-custom-border\"><img loading=\"lazy\" decoding=\"async\" width=\"806\" height=\"610\" src=\"http:\/\/www.mspduboulonnais.fr\/wp-content\/uploads\/2026\/02\/Capture-decran-2026-02-26-a-13.52.23.png\" alt=\"\" class=\"wp-image-539\" style=\"border-width:2px;border-radius:25px\" srcset=\"https:\/\/www.mspduboulonnais.fr\/wp-content\/uploads\/2026\/02\/Capture-decran-2026-02-26-a-13.52.23.png 806w, https:\/\/www.mspduboulonnais.fr\/wp-content\/uploads\/2026\/02\/Capture-decran-2026-02-26-a-13.52.23-300x227.png 300w, https:\/\/www.mspduboulonnais.fr\/wp-content\/uploads\/2026\/02\/Capture-decran-2026-02-26-a-13.52.23-768x581.png 768w\" sizes=\"auto, (max-width: 806px) 100vw, 806px\" \/><\/figure>\n<\/div>\n\n\n\n<div class=\"wp-block-column is-layout-flow wp-block-column-is-layout-flow\" style=\"flex-basis:66.66%\">\n<blockquote class=\"wp-block-quote is-layout-flow wp-block-quote-is-layout-flow\">\n<p>L&rsquo;art-th\u00e9rapie <strong>consiste \u00e0 utiliser la pratique artistique comme outil d&rsquo;accompagnement et de mieux-\u00eatre<\/strong><\/p>\n<\/blockquote>\n\n\n\n<p>Pour qui ? <\/p>\n\n\n\n<p>Enfants, Adolescents, Adultes<\/p>\n\n\n\n<p>Pour quoi ? Stress, peurs, \u00e9motions d\u00e9bordantes, insomnnies, burn out, ruptures, traumatismes, deuils, d\u00e9pressions, trouble dys, TDAH, autisme, psychose&#8230;<\/p>\n\n\n\n<p>En s\u00e9ance individuelle, en bin\u00f4me et petits groupes,<strong> tous les vendredis<\/strong><\/p>\n<\/div>\n<\/div>\n\n\n\n<p class=\"has-text-align-center\"><strong>Pour me contacter : 06 66 34 87 97<\/strong> &#8211; contact@leffetdelart.fr<\/p>\n\n\n\n<p>Site Internet : a venir<\/p>\n\n\n\n<p><\/p>\n","protected":false},"excerpt":{"rendered":"<p>Jocelyne Sarram\u00e9a -Art-th\u00e9rapeute L&rsquo;art-th\u00e9rapie consiste \u00e0 utiliser la pratique artistique comme outil d&rsquo;accompagnement et de mieux-\u00eatre Pour qui ? Enfants, Adolescents, Adultes Pour quoi ? Stress, peurs, \u00e9motions d\u00e9bordantes, insomnnies, burn out, ruptures, traumatismes, deuils, d\u00e9pressions, trouble dys, TDAH, autisme, psychose&#8230; En s\u00e9ance individuelle, en bin\u00f4me et petits groupes, tous les vendredis Pour me contacter&#8230;<\/p>\n","protected":false},"author":1,"featured_media":0,"parent":0,"menu_order":0,"comment_status":"closed","ping_status":"closed","template":"","meta":{"_coblocks_attr":"","_coblocks_dimensions":"","_coblocks_responsive_height":"","_coblocks_accordion_ie_support":"","_kad_post_transparent":"","_kad_post_title":"","_kad_post_layout":"","_kad_post_sidebar_id":"","_kad_post_content_style":"","_kad_post_vertical_padding":"","_kad_post_feature":"","_kad_post_feature_position":"","_kad_post_header":false,"_kad_post_footer":false,"footnotes":""},"class_list":["post-523","page","type-page","status-publish","hentry"],"_links":{"self":[{"href":"https:\/\/www.mspduboulonnais.fr\/index.php\/wp-json\/wp\/v2\/pages\/523","targetHints":{"allow":["GET"]}}],"collection":[{"href":"https:\/\/www.mspduboulonnais.fr\/index.php\/wp-json\/wp\/v2\/pages"}],"about":[{"href":"https:\/\/www.mspduboulonnais.fr\/index.php\/wp-json\/wp\/v2\/types\/page"}],"author":[{"embeddable":true,"href":"https:\/\/www.mspduboulonnais.fr\/index.php\/wp-json\/wp\/v2\/users\/1"}],"replies":[{"embeddable":true,"href":"https:\/\/www.mspduboulonnais.fr\/index.php\/wp-json\/wp\/v2\/comments?post=523"}],"version-history":[{"count":4,"href":"https:\/\/www.mspduboulonnais.fr\/index.php\/wp-json\/wp\/v2\/pages\/523\/revisions"}],"predecessor-version":[{"id":540,"href":"https:\/\/www.mspduboulonnais.fr\/index.php\/wp-json\/wp\/v2\/pages\/523\/revisions\/540"}],"wp:attachment":[{"href":"https:\/\/www.mspduboulonnais.fr\/index.php\/wp-json\/wp\/v2\/media?parent=523"}],"curies":[{"name":"wp","href":"https:\/\/api.w.org\/{rel}","templated":true}]}}